{"id":3,"date":"2023-01-26T18:17:25","date_gmt":"2023-01-26T18:17:25","guid":{"rendered":"http:\/\/elasombro.es\/?page_id=3"},"modified":"2023-04-05T13:06:38","modified_gmt":"2023-04-05T13:06:38","slug":"contract-terms","status":"publish","type":"page","link":"https:\/\/elasombro.es\/en\/legal\/contract-terms\/","title":{"rendered":"TERMINOS Y CONDICIONES"},"content":{"rendered":"<h3 class=\"wp-block-heading\">Esta pol\u00edtica de condiciones de uso es v\u00e1lida a partir del Apr 2023.<\/h3>\n\n\n\n<h3 class=\"wp-block-heading\">T\u00c9RMINOS Y CONDICIONES \u2014 EL ASOMBRO GARDEN GRILL<\/h3>\n\n\n\n<p>EL ASOMBRO GARDEN GRILL, persona jur\u00eddica de derecho privado describe, a trav\u00e9s de este documento, las normas de uso del sitio https:\/\/www.elasombro.es\/ y de cualquier otro sitio web, tienda o aplicaci\u00f3n operada por el titular.<\/p>\n\n\n\n<p>Al navegar por este sitio web, consideramos que est\u00e1 de acuerdo con las condiciones de uso que figuran a continuaci\u00f3n.<\/p>\n\n\n\n<p>Si no est\u00e1 de acuerdo con los t\u00e9rminos de este acuerdo, le pedimos que no haga ning\u00fan otro uso de este sitio web, mucho menos que se registre o env\u00ede sus datos personales.<\/p>\n\n\n\n<p>Si cambiamos nuestras condiciones de uso, publicaremos el nuevo texto en este sitio web, con una fecha de revisi\u00f3n actualizada. Podemos modificar este documento en cualquier momento.<\/p>\n\n\n\n<p>Si hay un cambio significativo en los t\u00e9rminos de este acuerdo, podemos informarle utilizando la informaci\u00f3n de contacto que tenemos en nuestra base de datos o mediante una notificaci\u00f3n.<\/p>\n\n\n\n<p>El uso de este sitio web despu\u00e9s de los cambios significa que usted acepta las condiciones de uso revisadas. Si, despu\u00e9s de leer la versi\u00f3n revisada, no est\u00e1 de acuerdo con sus t\u00e9rminos, por favor, termine su acceso.<\/p>\n\n\n\n<ul class=\"wp-block-list\">\n<li>Secci\u00f3n 1 &#8211; UsuarioEl uso de este sitio web le otorga autom\u00e1ticamente la condici\u00f3n de Usuario e implica su plena aceptaci\u00f3n de todas las directrices y condiciones incluidas en estas Condiciones.<br><\/li>\n\n\n\n<li>Secci\u00f3n 2 &#8211; Adhesi\u00f3n junto con la pol\u00edtica de privacidadEl uso de este sitio web implica la adhesi\u00f3n a estas Condiciones de Uso y a la versi\u00f3n m\u00e1s actualizada de la Pol\u00edtica de Privacidad de EL ASOMBRO GARDEN GRILL.<br><\/li>\n\n\n\n<li>Secci\u00f3n 3 &#8211; Condiciones de accesoEn general, el acceso al sitio web de EL ASOMBRO GARDEN GRILL es gratuito y no requiere registro previo.Sin embargo, para hacer uso de algunas funcionalidades, el usuario puede necesitar registrarse, creando una cuenta de usuario con un nombre de usuario y una contrase\u00f1a de acceso.Es responsabilidad del usuario proporcionar \u00fanicamente informaci\u00f3n correcta, aut\u00e9ntica, v\u00e1lida, completa y actualizada, as\u00ed como no revelar su nombre de usuario y contrase\u00f1a a terceros.Algunas partes de este sitio web ofrecen al usuario la opci\u00f3n de publicar comentarios en determinadas \u00e1reas.EL ASOMBRO GARDEN GRILL no consiente la publicaci\u00f3n de contenidos de car\u00e1cter discriminatorio, ofensivo o il\u00edcito, o que infrinjan los derechos de autor o cualquier otro derecho de terceros.La publicaci\u00f3n de cualquier contenido por parte del usuario de este sitio web, incluidos los mensajes y comentarios, implica una licencia no exclusiva, irrevocable e irreversible para su uso, reproducci\u00f3n y publicaci\u00f3n por parte de EL ASOMBRO GARDEN GRILL en su sitio web, plataformas de internet y aplicaciones, o incluso en otras plataformas, sin ninguna restricci\u00f3n o limitaci\u00f3n.<br><\/li>\n\n\n\n<li>Secci\u00f3n 4 &#8211; CookiesLa informaci\u00f3n sobre el uso que usted hace de este sitio web puede recogerse a trav\u00e9s de las cookies. Las cookies son piezas de informaci\u00f3n que se almacenan directamente en el equipo que est\u00e1 utilizando. Las cookies permiten recoger informaci\u00f3n como el tipo de navegador, el tiempo de permanencia en el sitio web, las p\u00e1ginas visitadas, las preferencias de idioma y otros datos de tr\u00e1fico an\u00f3nimos. Nosotros y nuestros proveedores de servicios utilizamos la informaci\u00f3n para la protecci\u00f3n de la seguridad, para facilitar la navegaci\u00f3n, mostrar la informaci\u00f3n de manera m\u00e1s eficiente y personalizar su experiencia al utilizar este sitio web, as\u00ed como para el seguimiento en l\u00ednea. Tambi\u00e9n recopilamos informaci\u00f3n estad\u00edstica sobre el uso del sitio web para mejorar continuamente nuestro dise\u00f1o y funcionalidad, para entender c\u00f3mo se utiliza el sitio web y para ayudarle a resolver problemas relevantes.Si no desea que se recoja su informaci\u00f3n a trav\u00e9s de las cookies, existe un procedimiento sencillo en la mayor\u00eda de los navegadores que permite rechazar autom\u00e1ticamente las cookies, o le da la opci\u00f3n de aceptar o rechazar la transferencia de una cookie espec\u00edfica (o varias) de un sitio web concreto a su ordenador. Sin embargo, esto puede crear inconvenientes en su uso del sitio web.La configuraci\u00f3n que elija puede afectar a su experiencia de navegaci\u00f3n y al funcionamiento que requiere el uso de cookies. En este sentido, rechazamos cualquier responsabilidad por las consecuencias derivadas del funcionamiento limitado de este sitio web causado por la desactivaci\u00f3n de las cookies en su dispositivo (incapacidad para establecer o leer una cookie).<br><\/li>\n\n\n\n<li>Secci\u00f3n 5 &#8211; Propiedad intelectualTodos los elementos de EL ASOMBRO GARDEN GRILL son propiedad intelectual de la misma o de sus licenciantes. Estos t\u00e9rminos o el uso del sitio web no le otorgan ninguna licencia o derecho de uso de los derechos de propiedad intelectual de EL ASOMBRO GARDEN GRILL o de cualquier tercero.<br><\/li>\n\n\n\n<li>Secci\u00f3n 6 &#8211; Enlaces a sitios web de tercerosEste sitio web puede contener, de vez en cuando, enlaces de hipertexto que le redirigir\u00e1n a sitios web de nuestros socios, anunciantes, proveedores, etc. Si hace clic en uno de estos enlaces a cualquiera de estos sitios, recuerde que cada sitio tiene sus propias pr\u00e1cticas de privacidad y que nosotros no somos responsables de estas pol\u00edticas. Por favor, consulte esas pol\u00edticas antes de enviar cualquier dato personal a esos sitios.No somos responsables de las pol\u00edticas y pr\u00e1cticas de recopilaci\u00f3n, uso y divulgaci\u00f3n (incluidas las pr\u00e1cticas de protecci\u00f3n de datos) de otras organizaciones, como Facebook, Apple, Google, Microsoft, o cualquier otro desarrollador de software o proveedor de aplicaciones, tienda de medios sociales, sistema operativo, proveedor de servicios de internet o fabricante de dispositivos, incluidos los Datos Personales que usted divulgue a otras organizaciones a trav\u00e9s de las aplicaciones, en relaci\u00f3n con dichas aplicaciones, o publicados en nuestras redes sociales. Le recomendamos que se informe sobre la pol\u00edtica de privacidad y las condiciones de uso de cada sitio web visitado o proveedor de servicios utilizado.<br><\/li>\n\n\n\n<li>Secci\u00f3n 7 &#8211; Plazos y modificacionesEl funcionamiento de este sitio web es por tiempo indefinido.La totalidad del sitio web o cada una de sus secciones podr\u00e1 ser cerrada, suspendida o interrumpida unilateralmente por EL ASOMBRO GARDEN GRILL, en cualquier momento y sin previo aviso.<br><\/li>\n\n\n\n<li>Secci\u00f3n 8 &#8211; Datos personalesDurante el uso de este sitio web, ciertos datos personales ser\u00e1n recogidos y procesados por EL ASOMBRO GARDEN GRILL y\/o los Socios. Las normas relativas al tratamiento de los datos personales de EL ASOMBRO GARDEN GRILL est\u00e1n estipuladas en la Pol\u00edtica de Privacidad.<br><\/li>\n\n\n\n<li>Secci\u00f3n 9 &#8211; ContactoSi tiene alguna pregunta sobre las condiciones de uso, por favor p\u00f3ngase en contacto con nosotros por correo electr\u00f3nico ELASOMBROGARDENGRILL@GMAIL.COM<\/li>\n<\/ul>","protected":false},"excerpt":{"rendered":"<p>Esta pol\u00edtica de condiciones de uso es v\u00e1lida a partir del Apr 2023. T\u00c9RMINOS Y CONDICIONES \u2014 EL ASOMBRO GARDEN GRILL EL ASOMBRO GARDEN GRILL, persona jur\u00eddica de derecho privado describe, a trav\u00e9s de este documento, las normas de uso del sitio https:\/\/www.elasombro.es\/ y de cualquier otro sitio web, tienda o aplicaci\u00f3n operada por el [&hellip;]<\/p>","protected":false},"author":1,"featured_media":0,"parent":590,"menu_order":0,"comment_status":"closed","ping_status":"closed","template":"","meta":{"footnotes":""},"class_list":["post-3","page","type-page","status-publish","hentry"],"_links":{"self":[{"href":"https:\/\/elasombro.es\/en\/wp-json\/wp\/v2\/pages\/3","targetHints":{"allow":["GET"]}}],"collection":[{"href":"https:\/\/elasombro.es\/en\/wp-json\/wp\/v2\/pages"}],"about":[{"href":"https:\/\/elasombro.es\/en\/wp-json\/wp\/v2\/types\/page"}],"author":[{"embeddable":true,"href":"https:\/\/elasombro.es\/en\/wp-json\/wp\/v2\/users\/1"}],"replies":[{"embeddable":true,"href":"https:\/\/elasombro.es\/en\/wp-json\/wp\/v2\/comments?post=3"}],"version-history":[{"count":1,"href":"https:\/\/elasombro.es\/en\/wp-json\/wp\/v2\/pages\/3\/revisions"}],"predecessor-version":[{"id":585,"href":"https:\/\/elasombro.es\/en\/wp-json\/wp\/v2\/pages\/3\/revisions\/585"}],"up":[{"embeddable":true,"href":"https:\/\/elasombro.es\/en\/wp-json\/wp\/v2\/pages\/590"}],"wp:attachment":[{"href":"https:\/\/elasombro.es\/en\/wp-json\/wp\/v2\/media?parent=3"}],"curies":[{"name":"wp","href":"https:\/\/api.w.org\/{rel}","templated":true}]}}