{"id":586,"date":"2023-04-05T11:42:46","date_gmt":"2023-04-05T11:42:46","guid":{"rendered":"https:\/\/www.elasombro.es\/?page_id=586"},"modified":"2023-04-05T13:56:05","modified_gmt":"2023-04-05T13:56:05","slug":"accessibility","status":"publish","type":"page","link":"https:\/\/elasombro.es\/en\/legal\/accessibility\/","title":{"rendered":"ACCESIBILIDAD"},"content":{"rendered":"<h2 class=\"wp-block-heading\"><strong>Declaraci\u00f3n de accesibilidad<\/strong><\/h2>\n\n\n\n<p>EL ASOMBRO GARDEN GRILL SLU se ha comprometido a hacer accesible su sitio web, de conformidad con el\u00a0<a rel=\"noreferrer noopener\" href=\"http:\/\/www.boe.es\/diario_boe\/txt.php?id=BOE-A-2018-12699\" target=\"_blank\">Real Decreto 1112\/2018, de 7 de septiembre, sobre accesibilidad de los sitios web y aplicaciones para dispositivos m\u00f3viles del sector p\u00fablico<\/a>.<\/p>\n\n\n\n<p>La presente declaraci\u00f3n de accesibilidad se aplica al sitio web\u00a0<a href=\"https:\/\/elasombro.es\/en\/\">https:\/\/www.elasombro.es\/<\/a>:<\/p>\n\n\n\n<h3 class=\"wp-block-heading\">SITUACI\u00d3N DE CUMPLIMIENTO<\/h3>\n\n\n\n<p>Este sitio web es parcialmente conforme con el&nbsp;<a href=\"http:\/\/www.boe.es\/diario_boe\/txt.php?id=BOE-A-2018-12699\" target=\"_blank\" rel=\"noreferrer noopener\">RD 1112\/2018<\/a>&nbsp;debido a las excepciones y a la falta de conformidad de los aspectos que se indican en el siguiente punto.<\/p>\n\n\n\n<h3 class=\"wp-block-heading\">CONTENIDO NO ACCESIBLE<\/h3>\n\n\n\n<p>El contenido que se recoge a continuaci\u00f3n no es accesible por lo siguiente:<\/p>\n\n\n\n<ul class=\"wp-block-list\">\n<li>Falta de conformidad con el RD 1112\/2018<\/li>\n<\/ul>\n\n\n\n<p>Podr\u00edan existir algunos aspectos de contraste que no cumplan los m\u00ednimos exigidos, 3:1, con respecto a los colores adyacentes del fondo de la secci\u00f3n de la web en cuesti\u00f3n. [9.1.4.11 Contraste no textual]<\/p>\n\n\n\n<p>Podr\u00edan existir algunos elementos no textuales no etiquetados correctamente [2.5.3 Etiqueta en el nombre] y [4.1.2 Nombre funci\u00f3n y valor]<\/p>\n\n\n\n<p>Los buscadores buscan autom\u00e1ticamente sin necesidad de ordenar ninguna acci\u00f3n por parte del usuario [3.2.2 Al recibir entradas]<\/p>\n\n\n\n<p>Podr\u00edan existir algunos textos en otro idioma no etiquetados correctamente [3.1.2 Idioma de las partes]<\/p>\n\n\n\n<p>Podr\u00edan existir errores de c\u00f3digo puntuales de edici\u00f3n en alguna p\u00e1gina web. [4.1.1 Procesamiento]<\/p>\n\n\n\n<ul class=\"wp-block-list\">\n<li>Carga desproporcionada<\/li>\n<\/ul>\n\n\n\n<p>No aplica.<\/p>\n\n\n\n<ul class=\"wp-block-list\">\n<li>El contenido no entra dentro del \u00e1mbito de la legislaci\u00f3n aplicable<\/li>\n<\/ul>\n\n\n\n<p>Podr\u00edan existir archivos ofim\u00e1ticos en PDF u otros formatos publicados antes del 20 de septiembre de 2018 que no cumplan en su totalidad todos los requisitos de accesibilidad. Aunque se ha procurado que la mayor\u00eda de ellos s\u00ed lo cumplan.<\/p>\n\n\n\n<h3 class=\"wp-block-heading\">PREPARACI\u00d3N DE LA SIGUIENTE DECLARACI\u00d3N DE ACCESIBILIDAD<\/h3>\n\n\n\n<p>La presente declaraci\u00f3n fue preparada el 16 de diciembre de 2019.<\/p>\n\n\n\n<p>El m\u00e9todo empleado para preparar la declaraci\u00f3n ha sido una autoevaluaci\u00f3n llevada a cabo por el propio organismo.<\/p>\n\n\n\n<p>La Declaraci\u00f3n de Accesibilidad ha sido revisada y actualizada en julio de 2022.<\/p>\n\n\n\n<h3 class=\"wp-block-heading\">OBSERVACIONES Y DATOS DE CONTACTO<\/h3>\n\n\n\n<p>Puede realizar comunicaciones sobre requisitos de accesibilidad (articulo 10.2.a del RD 1112\/2018) como por ejemplo:<\/p>\n\n\n\n<ul class=\"wp-block-list\">\n<li>Informar sobre cualquier posible incumplimiento por parte de este sitio web<\/li>\n\n\n\n<li>Transmitir otras dificultades de acceso al contenido<\/li>\n\n\n\n<li>Formular cualquier otra consulta o sugerencia de mejora relativa a la accesibilidad del sitio web<\/li>\n<\/ul>\n\n\n\n<p>A trav\u00e9s del\u00a0n\u00famero de tel\u00e9fono 666 15 78 68.<\/p>\n\n\n\n<p>Puede presentar:<\/p>\n\n\n\n<ul class=\"wp-block-list\">\n<li><strong>Queja&nbsp;<\/strong>relativa al cumplimiento de los requisitos del RD 1112\/2018 o<\/li>\n\n\n\n<li><strong>Solicitud de Informaci\u00f3n accesible<\/strong>&nbsp;relativa a:<\/li>\n<\/ul>\n\n\n\n<p>Contenidos&nbsp;que est\u00e1n&nbsp;excluidos&nbsp;del&nbsp;\u00e1mbito de aplicaci\u00f3n&nbsp;del RD 1112\/2018 seg\u00fan lo establecido por el art\u00edculo 3, apartado 4<\/p>\n\n\n\n<p>Contenidos&nbsp;que est\u00e1n&nbsp;exentos&nbsp;del&nbsp;cumplimiento&nbsp;de los requisitos de accesibilidad por imponer una&nbsp;carga desproporcionada.<\/p>\n\n\n\n<p>En la Solicitud de informaci\u00f3n accesible, se debe concretar, con toda claridad, los hechos, razones y petici\u00f3n que permitan constatar que se trata de una solicitud razonable y leg\u00edtima.<\/p>\n\n\n\n<h3 class=\"wp-block-heading\">PROCEDIMIENTO DE APLICACI\u00d3N<\/h3>\n\n\n\n<p>Si una vez realizada una solicitud de informaci\u00f3n accesible o queja, \u00e9sta hubiera sido desestimada, no se estuviera de acuerdo con la decisi\u00f3n adoptada, o la respuesta no cumpliera los requisitos contemplados en el art\u00edculo 12.5, la persona interesada podr\u00e1 iniciar una reclamaci\u00f3n. Igualmente se podr\u00e1 iniciar una reclamaci\u00f3n en el caso de que haya transcurrido el plazo de veinte d\u00edas h\u00e1biles sin haber obtenido respuesta. &nbsp;<\/p>\n\n\n\n<p>La reclamaci\u00f3n puede ser presentada trav\u00e9s de la Instancia Gen\u00e9rica de la Sede electr\u00f3nica del Ministerio de Asuntos Econ\u00f3micos y Transformaci\u00f3n Digital , as\u00ed como en el resto de opciones recogidas en la Ley 39\/ 2015, de 1 de octubre, del Procedimiento Administrativo Com\u00fan de las Administraciones P\u00fablicas. &nbsp;Las reclamaciones ser\u00e1n recibidas y tratadas por la Subdirecci\u00f3n General de Inspecci\u00f3n de Servicios del Ministerio.<\/p>\n\n\n\n<h3 class=\"wp-block-heading\">CONTENIDO OPCIONAL<\/h3>\n\n\n\n<p>Este portal esta dise\u00f1ado para poder cambiar el tama\u00f1o del texto y el color, as\u00ed&nbsp;como el fondo de la pagina mediante las opciones de configuraci\u00f3n est\u00e1ndar de los navegadores.<\/p>\n\n\n\n<p>Si desea cambiar el tama\u00f1o de letra del texto en los principales navegadores gr\u00e1ficos utilice los siguientes men\u00fas:<\/p>\n\n\n\n<ul class=\"wp-block-list\">\n<li>Internet Explorer, Mozilla y Firefox: Ver &gt; Tama\u00f1o del texto<\/li>\n\n\n\n<li>Opera: Ver &gt; Zoom<\/li>\n\n\n\n<li>Safari: Ver &gt; Hacer el texto mas grande<\/li>\n\n\n\n<li>Chrome: Controla la pagina actual &gt; Tama\u00f1o del texto<\/li>\n\n\n\n<li>Para modificar el tama\u00f1o de todo en la pagina:\n<ul class=\"wp-block-list\">\n<li>Ctrl + + para aumentarlo<\/li>\n\n\n\n<li>Ctrl + &#8211; para disminuirlo<\/li>\n\n\n\n<li>Ctrl + 0 restaura el tama\u00f1o original del texto<\/li>\n\n\n\n<li>Si lo que quiere es anular la hoja de estilos o modificar el color del texto, puede consultar la pagina&nbsp;How to Change Text Size or Colors&nbsp;de la WAI, que se puede leer traducida al espa\u00f1ol en \u00bfC\u00f3mo cambiar el tama\u00f1o del texto o colores?<\/li>\n<\/ul>\n<\/li>\n<\/ul>","protected":false},"excerpt":{"rendered":"<p>Declaraci\u00f3n de accesibilidad EL ASOMBRO GARDEN GRILL SLU se ha comprometido a hacer accesible su sitio web, de conformidad con el\u00a0Real Decreto 1112\/2018, de 7 de septiembre, sobre accesibilidad de los sitios web y aplicaciones para dispositivos m\u00f3viles del sector p\u00fablico. La presente declaraci\u00f3n de accesibilidad se aplica al sitio web\u00a0https:\/\/www.elasombro.es\/: SITUACI\u00d3N DE CUMPLIMIENTO Este [&hellip;]<\/p>","protected":false},"author":1,"featured_media":0,"parent":590,"menu_order":0,"comment_status":"closed","ping_status":"closed","template":"","meta":{"footnotes":""},"class_list":["post-586","page","type-page","status-publish","hentry"],"_links":{"self":[{"href":"https:\/\/elasombro.es\/en\/wp-json\/wp\/v2\/pages\/586","targetHints":{"allow":["GET"]}}],"collection":[{"href":"https:\/\/elasombro.es\/en\/wp-json\/wp\/v2\/pages"}],"about":[{"href":"https:\/\/elasombro.es\/en\/wp-json\/wp\/v2\/types\/page"}],"author":[{"embeddable":true,"href":"https:\/\/elasombro.es\/en\/wp-json\/wp\/v2\/users\/1"}],"replies":[{"embeddable":true,"href":"https:\/\/elasombro.es\/en\/wp-json\/wp\/v2\/comments?post=586"}],"version-history":[{"count":4,"href":"https:\/\/elasombro.es\/en\/wp-json\/wp\/v2\/pages\/586\/revisions"}],"predecessor-version":[{"id":593,"href":"https:\/\/elasombro.es\/en\/wp-json\/wp\/v2\/pages\/586\/revisions\/593"}],"up":[{"embeddable":true,"href":"https:\/\/elasombro.es\/en\/wp-json\/wp\/v2\/pages\/590"}],"wp:attachment":[{"href":"https:\/\/elasombro.es\/en\/wp-json\/wp\/v2\/media?parent=586"}],"curies":[{"name":"wp","href":"https:\/\/api.w.org\/{rel}","templated":true}]}}